{"id":1915,"date":"2018-06-28T07:23:58","date_gmt":"2018-06-28T03:23:58","guid":{"rendered":"https:\/\/2ndpassports.co\/?page_id=1915"},"modified":"2021-03-31T11:54:41","modified_gmt":"2021-03-31T07:54:41","slug":"visa-free-countries","status":"publish","type":"page","link":"https:\/\/old.savoryandparnters.com\/programs\/citizenship-by-investment\/malta\/visa-free-countries\/","title":{"rendered":"Visa-Free Countries &#8211; Malta"},"content":{"rendered":"[vc_row type=&#8221;in_container&#8221; full_screen_row_position=&#8221;middle&#8221; column_margin=&#8221;default&#8221; column_direction=&#8221;default&#8221; column_direction_tablet=&#8221;default&#8221; column_direction_phone=&#8221;default&#8221; scene_position=&#8221;center&#8221; top_padding=&#8221;50&#8243; text_color=&#8221;dark&#8221; text_align=&#8221;left&#8221; row_border_radius=&#8221;none&#8221; row_border_radius_applies=&#8221;bg&#8221; overlay_strength=&#8221;0.3&#8243; gradient_direction=&#8221;left_to_right&#8221; shape_divider_position=&#8221;bottom&#8221; bg_image_animation=&#8221;none&#8221; shape_type=&#8221;&#8221;][vc_column column_padding=&#8221;padding-4-percent&#8221; column_padding_tablet=&#8221;inherit&#8221; column_padding_phone=&#8221;inherit&#8221; column_padding_position=&#8221;right&#8221; background_color_opacity=&#8221;1&#8243; background_hover_color_opacity=&#8221;1&#8243; column_shadow=&#8221;none&#8221; column_border_radius=&#8221;none&#8221; column_link_target=&#8221;_self&#8221; gradient_direction=&#8221;left_to_right&#8221; overlay_strength=&#8221;0.3&#8243; width=&#8221;2\/3&#8243; tablet_width_inherit=&#8221;default&#8221; tablet_text_alignment=&#8221;default&#8221; phone_text_alignment=&#8221;default&#8221; column_border_width=&#8221;none&#8221; column_border_color=&#8221;#06324b&#8221; column_border_style=&#8221;solid&#8221; bg_image_animation=&#8221;none&#8221;][nectar_animated_title heading_tag=&#8221;h6&#8243; style=&#8221;hinge-drop&#8221; color=&#8221;Extra-Color-1&#8243; text=&#8221;Visa-Free Countries for Malta&#8221;][vc_column_text el_class=&#8221;text-citizenship&#8221;]Holding a Malta passport, provides you the benefit of visa-free and visa-on-arrival travel to more than 180 countries and territories worldwide including the European Union, the United Kingdom, and Canada.<\/p>\n<p>As the 6th most powerful passport according to the Passport Index for 2021, Malta is also a member of the Schengen area. As a member of the Schengen area, you can move freely between the other 26 countries of the Schengen area, saving you time and money with lengthy visa applications.<\/p>\n<p>&nbsp;<\/p>\n[\/vc_column_text][image_with_animation image_url=&#8221;1534&#8243; animation=&#8221;Fade In&#8221; hover_animation=&#8221;none&#8221; alignment=&#8221;&#8221; border_radius=&#8221;none&#8221; box_shadow=&#8221;none&#8221; image_loading=&#8221;default&#8221; max_width=&#8221;100%&#8221; max_width_mobile=&#8221;default&#8221;][divider line_type=&#8221;No Line&#8221; custom_height=&#8221;50&#8243;][vc_row_inner column_margin=&#8221;default&#8221; column_direction=&#8221;default&#8221; column_direction_tablet=&#8221;default&#8221; column_direction_phone=&#8221;default&#8221; text_align=&#8221;left&#8221;][vc_column_inner column_padding=&#8221;no-extra-padding&#8221; column_padding_tablet=&#8221;inherit&#8221; column_padding_phone=&#8221;inherit&#8221; column_padding_position=&#8221;all&#8221; background_color_opacity=&#8221;1&#8243; background_hover_color_opacity=&#8221;1&#8243; column_shadow=&#8221;none&#8221; column_border_radius=&#8221;none&#8221; column_link_target=&#8221;_self&#8221; gradient_direction=&#8221;left_to_right&#8221; overlay_strength=&#8221;0.3&#8243; width=&#8221;1\/3&#8243; tablet_width_inherit=&#8221;default&#8221; column_border_width=&#8221;none&#8221; column_border_style=&#8221;solid&#8221; bg_image_animation=&#8221;none&#8221;][vc_column_text el_class=&#8221;text-citizenshipnext&#8221;]Albania<br \/>\nAndorra<br \/>\nAngola<br \/>\nAntigua and Barbuda<br \/>\nArgentina<br \/>\nArmenia<br \/>\nAustralia<br \/>\nAustria<br \/>\nAzerbaijan<br \/>\nBahamas<br \/>\nBahrain<br \/>\nBangladesh<br \/>\nBarbados<br \/>\nBelarus<br \/>\nBelgium<br \/>\nBelize<br \/>\nBenin<br \/>\nBolivia<br \/>\nBosnia and Herzegovina<br \/>\nBotswana<br \/>\nBrazil<br \/>\nBrunei<br \/>\nBulgaria<br \/>\nBurkina Faso<br \/>\nCambodia<br \/>\nCanada<br \/>\nCape Verde<br \/>\nChile<br \/>\nColombia<br \/>\nComoros<br \/>\nCosta Rica<br \/>\nCroatia<br \/>\nCyprus<br \/>\nCzech Republic<br \/>\nDenmark<br \/>\nDjibouti<br \/>\nDominica<br \/>\nDominican Republic<br \/>\nEcuador<br \/>\nEgypt<br \/>\nEl Salvador<br \/>\nEstonia<br \/>\nEthiopia<br \/>\nFiji<br \/>\nFinland<br \/>\nFrance<br \/>\nGabon<br \/>\nGambia<br \/>\nGeorgia<br \/>\nGermany<br \/>\nGreece[\/vc_column_text][\/vc_column_inner][vc_column_inner column_padding=&#8221;no-extra-padding&#8221; column_padding_tablet=&#8221;inherit&#8221; column_padding_phone=&#8221;inherit&#8221; column_padding_position=&#8221;all&#8221; background_color_opacity=&#8221;1&#8243; background_hover_color_opacity=&#8221;1&#8243; column_shadow=&#8221;none&#8221; column_border_radius=&#8221;none&#8221; column_link_target=&#8221;_self&#8221; gradient_direction=&#8221;left_to_right&#8221; overlay_strength=&#8221;0.3&#8243; width=&#8221;1\/3&#8243; tablet_width_inherit=&#8221;default&#8221; column_border_width=&#8221;none&#8221; column_border_style=&#8221;solid&#8221; bg_image_animation=&#8221;none&#8221;][vc_column_text el_class=&#8221;text-citizenshipnext&#8221;]Grenada<br \/>\nGuatemala<br \/>\nGuinea-Bissau<br \/>\nHaiti<br \/>\nHonduras<br \/>\nHungary<br \/>\nIceland<br \/>\nIndia<br \/>\nIndonesia<br \/>\nIran<br \/>\nIreland<br \/>\nIsrael<br \/>\nItaly<br \/>\nJamaica<br \/>\nJapan<br \/>\nJordan<br \/>\nKazakhstan<br \/>\nKenya<br \/>\nKiribati<br \/>\nKuwait<br \/>\nKyrgyzstan<br \/>\nLaos<br \/>\nLatvia<br \/>\nLebanon<br \/>\nLesotho<br \/>\nLiechtenstein<br \/>\nLithuania<br \/>\nLuxembourg<br \/>\nMacedonia<br \/>\nMadagascar<br \/>\nMalawi<br \/>\nMalaysia<br \/>\nMaldives<br \/>\nMarshall Islands<br \/>\nMauritania<br \/>\nMauritius<br \/>\nMexico<br \/>\nMicronesia<br \/>\nMoldova<br \/>\nMonaco<br \/>\nMontenegro<br \/>\nMorocco<br \/>\nMozambique<br \/>\nMyanmar<br \/>\nNepal<br \/>\nNetherlands<br \/>\nNew Zealand<br \/>\nNicaragua<br \/>\nNorway<br \/>\nOman<br \/>\nPalau<br \/>\nPanama[\/vc_column_text][\/vc_column_inner][vc_column_inner column_padding=&#8221;no-extra-padding&#8221; column_padding_tablet=&#8221;inherit&#8221; column_padding_phone=&#8221;inherit&#8221; column_padding_position=&#8221;all&#8221; background_color_opacity=&#8221;1&#8243; background_hover_color_opacity=&#8221;1&#8243; column_shadow=&#8221;none&#8221; column_border_radius=&#8221;none&#8221; column_link_target=&#8221;_self&#8221; gradient_direction=&#8221;left_to_right&#8221; overlay_strength=&#8221;0.3&#8243; width=&#8221;1\/3&#8243; tablet_width_inherit=&#8221;default&#8221; column_border_width=&#8221;none&#8221; column_border_style=&#8221;solid&#8221; bg_image_animation=&#8221;none&#8221;][vc_column_text el_class=&#8221;text-citizenshipnext&#8221;]Papua New Guinea<br \/>\nParaguay<br \/>\nPeru<br \/>\nPhilippines<br \/>\nPoland<br \/>\nPortugal<br \/>\nQatar<br \/>\nRomania<br \/>\nRwanda<br \/>\nSaint Kitts and Nevis<br \/>\nSaint Lucia<br \/>\nSaint Vincent and the Grenadines<br \/>\nSamoa<br \/>\nSan Marino<br \/>\nS\u00e3o Tom\u00e9 and Pr\u00edncipe<br \/>\nSenegal<br \/>\nSerbia<br \/>\nSeychelles<br \/>\nSingapore<br \/>\nSlovakia<br \/>\nSlovenia<br \/>\nSolomon Islands<br \/>\nSomalia<br \/>\nSouth Africa<br \/>\nSouth Korea<br \/>\nSpain<br \/>\nSri Lanka<br \/>\nSwaziland<br \/>\nSweden<br \/>\nSwitzerland<br \/>\nTajikistan<br \/>\nTanzania<br \/>\nThailand<br \/>\nTimor-Leste<br \/>\nTogo<br \/>\nTonga<br \/>\nTrinidad and Tobago<br \/>\nTunisia<br \/>\nTurkey<br \/>\nTuvalu<br \/>\nUganda<br \/>\nUkraine<br \/>\nUnited Arab Emirates<br \/>\nUnited Kingdom<br \/>\nUnited States<br \/>\nUruguay<br \/>\nUzbekistan<br \/>\nVanuatu<br \/>\nVatican City<br \/>\nVenezuela<br \/>\nZambia<br \/>\nZimbabwe[\/vc_column_text][\/vc_column_inner][\/vc_row_inner][\/vc_column][vc_column column_padding=&#8221;padding-2-percent&#8221; column_padding_tablet=&#8221;inherit&#8221; column_padding_phone=&#8221;inherit&#8221; column_padding_position=&#8221;all&#8221; background_color_opacity=&#8221;1&#8243; background_hover_color_opacity=&#8221;1&#8243; column_shadow=&#8221;none&#8221; column_border_radius=&#8221;3px&#8221; column_link_target=&#8221;_self&#8221; el_class=&#8221;sdbr&#8221; gradient_direction=&#8221;left_to_right&#8221; overlay_strength=&#8221;0.3&#8243; width=&#8221;1\/3&#8243; tablet_width_inherit=&#8221;default&#8221; tablet_text_alignment=&#8221;default&#8221; phone_text_alignment=&#8221;default&#8221; column_border_width=&#8221;none&#8221; bg_image_animation=&#8221;none&#8221; offset=&#8221;vc_col-lg-4&#8243;][vc_widget_sidebar enable_sticky=&#8221;true&#8221; sidebar_id=&#8221;page-sidebar&#8221;][\/vc_column][\/vc_row]\n","protected":false},"excerpt":{"rendered":"<p>[vc_row type=&#8221;in_container&#8221; full_screen_row_position=&#8221;middle&#8221; column_margin=&#8221;default&#8221; column_direction=&#8221;default&#8221; column_direction_tablet=&#8221;default&#8221; column_direction_phone=&#8221;default&#8221; scene_position=&#8221;center&#8221; top_padding=&#8221;50&#8243; text_color=&#8221;dark&#8221; text_align=&#8221;left&#8221; row_border_radius=&#8221;none&#8221; row_border_radius_applies=&#8221;bg&#8221; overlay_strength=&#8221;0.3&#8243; gradient_direction=&#8221;left_to_right&#8221; shape_divider_position=&#8221;bottom&#8221; bg_image_animation=&#8221;none&#8221; shape_type=&#8221;&#8221;][vc_column column_padding=&#8221;padding-4-percent&#8221; column_padding_tablet=&#8221;inherit&#8221; column_padding_phone=&#8221;inherit&#8221; column_padding_position=&#8221;right&#8221; background_color_opacity=&#8221;1&#8243; background_hover_color_opacity=&#8221;1&#8243; column_shadow=&#8221;none&#8221; column_border_radius=&#8221;none&#8221; column_link_target=&#8221;_self&#8221; gradient_direction=&#8221;left_to_right&#8221; overlay_strength=&#8221;0.3&#8243; width=&#8221;2\/3&#8243;&#8230;<\/p>\n","protected":false},"author":22,"featured_media":10314,"parent":49,"menu_order":0,"comment_status":"closed","ping_status":"closed","template":"template - country subpage.php","meta":{"_acf_changed":false,"footnotes":""},"class_list":["post-1915","page","type-page","status-publish","has-post-thumbnail"],"acf":[],"yoast_head":"<!-- This site is optimized with the Yoast SEO Premium plugin v18.1 (Yoast SEO v23.1) - https:\/\/yoast.com\/wordpress\/plugins\/seo\/ -->\n<title>Malta Citizenship Visa Free Countries | Savory &amp; Partners<\/title>\n<meta name=\"description\" content=\"Savory &amp; Partners details the step-by-step procedure and all the requirements that are need to be met when applying to the Malta Citizenship by Investment Program. If you would like to learn more about the application process to obtain Maltese citizenship, contact us for a free consultation.\" \/>\n<meta name=\"robots\" content=\"index, follow, max-snippet:-1, max-image-preview:large, max-video-preview:-1\" \/>\n<link rel=\"canonical\" href=\"https:\/\/old.savoryandparnters.com\/programs\/citizenship-by-investment\/malta\/visa-free-countries\/\" \/>\n<meta property=\"og:locale\" content=\"en_US\" \/>\n<meta property=\"og:type\" content=\"article\" \/>\n<meta property=\"og:title\" content=\"Visa-Free Countries - Malta\" \/>\n<meta property=\"og:description\" content=\"Savory &amp; Partners details the step-by-step procedure and all the requirements that are need to be met when applying to the Malta Citizenship by Investment Program. If you would like to learn more about the application process to obtain Maltese citizenship, contact us for a free consultation.\" \/>\n<meta property=\"og:url\" content=\"https:\/\/old.savoryandparnters.com\/programs\/citizenship-by-investment\/malta\/visa-free-countries\/\" \/>\n<meta property=\"og:site_name\" content=\"Second Citizenship by Investment, Second Passport Programs - Savory &amp; Partners\" \/>\n<meta property=\"article:publisher\" content=\"https:\/\/www.facebook.com\/SavoryAndPartners\/\" \/>\n<meta property=\"article:modified_time\" content=\"2021-03-31T07:54:41+00:00\" \/>\n<meta property=\"og:image\" content=\"https:\/\/old.savoryandparnters.com\/wp-content\/uploads\/2018\/12\/Malta.jpg\" \/>\n\t<meta property=\"og:image:width\" content=\"1200\" \/>\n\t<meta property=\"og:image:height\" content=\"630\" \/>\n\t<meta property=\"og:image:type\" content=\"image\/jpeg\" \/>\n<meta name=\"twitter:card\" content=\"summary_large_image\" \/>\n<meta name=\"twitter:image\" content=\"https:\/\/old.savoryandparnters.com\/wp-content\/uploads\/2018\/12\/Malta.jpg\" \/>\n<meta name=\"twitter:site\" content=\"@SavoryPartners\" \/>\n<meta name=\"twitter:label1\" content=\"Est. reading time\" \/>\n\t<meta name=\"twitter:data1\" content=\"2 minutes\" \/>\n<script type=\"application\/ld+json\" class=\"yoast-schema-graph\">{\"@context\":\"https:\/\/schema.org\",\"@graph\":[{\"@type\":\"WebPage\",\"@id\":\"https:\/\/old.savoryandparnters.com\/programs\/citizenship-by-investment\/malta\/visa-free-countries\/\",\"url\":\"https:\/\/old.savoryandparnters.com\/programs\/citizenship-by-investment\/malta\/visa-free-countries\/\",\"name\":\"Malta Citizenship Visa Free Countries | Savory & Partners\",\"isPartOf\":{\"@id\":\"https:\/\/old.savoryandparnters.com\/#website\"},\"primaryImageOfPage\":{\"@id\":\"https:\/\/old.savoryandparnters.com\/programs\/citizenship-by-investment\/malta\/visa-free-countries\/#primaryimage\"},\"image\":{\"@id\":\"https:\/\/old.savoryandparnters.com\/programs\/citizenship-by-investment\/malta\/visa-free-countries\/#primaryimage\"},\"thumbnailUrl\":\"https:\/\/old.savoryandparnters.com\/wp-content\/uploads\/2018\/12\/Malta.jpg\",\"datePublished\":\"2018-06-28T03:23:58+00:00\",\"dateModified\":\"2021-03-31T07:54:41+00:00\",\"description\":\"Savory & Partners details the step-by-step procedure and all the requirements that are need to be met when applying to the Malta Citizenship by Investment Program. If you would like to learn more about the application process to obtain Maltese citizenship, contact us for a free consultation.\",\"breadcrumb\":{\"@id\":\"https:\/\/old.savoryandparnters.com\/programs\/citizenship-by-investment\/malta\/visa-free-countries\/#breadcrumb\"},\"inLanguage\":\"en-US\",\"potentialAction\":[{\"@type\":\"ReadAction\",\"target\":[\"https:\/\/old.savoryandparnters.com\/programs\/citizenship-by-investment\/malta\/visa-free-countries\/\"]}]},{\"@type\":\"ImageObject\",\"inLanguage\":\"en-US\",\"@id\":\"https:\/\/old.savoryandparnters.com\/programs\/citizenship-by-investment\/malta\/visa-free-countries\/#primaryimage\",\"url\":\"https:\/\/old.savoryandparnters.com\/wp-content\/uploads\/2018\/12\/Malta.jpg\",\"contentUrl\":\"https:\/\/old.savoryandparnters.com\/wp-content\/uploads\/2018\/12\/Malta.jpg\",\"width\":1200,\"height\":630,\"caption\":\"Malta Citizenship by Investment - Savory and Partners\"},{\"@type\":\"BreadcrumbList\",\"@id\":\"https:\/\/old.savoryandparnters.com\/programs\/citizenship-by-investment\/malta\/visa-free-countries\/#breadcrumb\",\"itemListElement\":[{\"@type\":\"ListItem\",\"position\":1,\"name\":\"Home\",\"item\":\"https:\/\/old.savoryandparnters.com\/\"},{\"@type\":\"ListItem\",\"position\":2,\"name\":\"Programs\",\"item\":\"https:\/\/old.savoryandparnters.com\/programs\/\"},{\"@type\":\"ListItem\",\"position\":3,\"name\":\"Citizenship by Investment\",\"item\":\"https:\/\/old.savoryandparnters.com\/programs\/citizenship-by-investment\/\"},{\"@type\":\"ListItem\",\"position\":4,\"name\":\"Malta\",\"item\":\"https:\/\/old.savoryandparnters.com\/programs\/citizenship-by-investment\/malta\/\"},{\"@type\":\"ListItem\",\"position\":5,\"name\":\"Visa-Free Countries &#8211; Malta\"}]},{\"@type\":\"WebSite\",\"@id\":\"https:\/\/old.savoryandparnters.com\/#website\",\"url\":\"https:\/\/old.savoryandparnters.com\/\",\"name\":\"Second Citizenship by Investment, Second Passport Programs - Savory &amp; Partners\",\"description\":\"Citizenship &amp; Residency by Investment\",\"publisher\":{\"@id\":\"https:\/\/old.savoryandparnters.com\/#organization\"},\"potentialAction\":[{\"@type\":\"SearchAction\",\"target\":{\"@type\":\"EntryPoint\",\"urlTemplate\":\"https:\/\/old.savoryandparnters.com\/?s={search_term_string}\"},\"query-input\":\"required name=search_term_string\"}],\"inLanguage\":\"en-US\"},{\"@type\":\"Organization\",\"@id\":\"https:\/\/old.savoryandparnters.com\/#organization\",\"name\":\"Second Citizenship by Investment, Second Passport Programs - Savory & Partners\",\"url\":\"https:\/\/old.savoryandparnters.com\/\",\"logo\":{\"@type\":\"ImageObject\",\"inLanguage\":\"en-US\",\"@id\":\"https:\/\/old.savoryandparnters.com\/#\/schema\/logo\/image\/\",\"url\":\"https:\/\/old.savoryandparnters.com\/wp-content\/uploads\/2018\/06\/Logo_Original-Editable.png\",\"contentUrl\":\"https:\/\/old.savoryandparnters.com\/wp-content\/uploads\/2018\/06\/Logo_Original-Editable.png\",\"width\":1203,\"height\":1200,\"caption\":\"Second Citizenship by Investment, Second Passport Programs - Savory & Partners\"},\"image\":{\"@id\":\"https:\/\/old.savoryandparnters.com\/#\/schema\/logo\/image\/\"},\"sameAs\":[\"https:\/\/www.facebook.com\/SavoryAndPartners\/\",\"https:\/\/x.com\/SavoryPartners\",\"https:\/\/www.instagram.com\/savoryandpartners\/\",\"https:\/\/www.linkedin.com\/company\/savory-and-partners-l-l-c\/\",\"https:\/\/www.youtube.com\/savoryandpartnersuae\"]}]}<\/script>\n<!-- \/ Yoast SEO Premium plugin. -->","yoast_head_json":{"title":"Malta Citizenship Visa Free Countries | Savory & Partners","description":"Savory & Partners details the step-by-step procedure and all the requirements that are need to be met when applying to the Malta Citizenship by Investment Program. If you would like to learn more about the application process to obtain Maltese citizenship, contact us for a free consultation.","robots":{"index":"index","follow":"follow","max-snippet":"max-snippet:-1","max-image-preview":"max-image-preview:large","max-video-preview":"max-video-preview:-1"},"canonical":"https:\/\/old.savoryandparnters.com\/programs\/citizenship-by-investment\/malta\/visa-free-countries\/","og_locale":"en_US","og_type":"article","og_title":"Visa-Free Countries - Malta","og_description":"Savory & Partners details the step-by-step procedure and all the requirements that are need to be met when applying to the Malta Citizenship by Investment Program. If you would like to learn more about the application process to obtain Maltese citizenship, contact us for a free consultation.","og_url":"https:\/\/old.savoryandparnters.com\/programs\/citizenship-by-investment\/malta\/visa-free-countries\/","og_site_name":"Second Citizenship by Investment, Second Passport Programs - Savory &amp; Partners","article_publisher":"https:\/\/www.facebook.com\/SavoryAndPartners\/","article_modified_time":"2021-03-31T07:54:41+00:00","og_image":[{"width":1200,"height":630,"url":"https:\/\/old.savoryandparnters.com\/wp-content\/uploads\/2018\/12\/Malta.jpg","type":"image\/jpeg"}],"twitter_card":"summary_large_image","twitter_image":"https:\/\/old.savoryandparnters.com\/wp-content\/uploads\/2018\/12\/Malta.jpg","twitter_site":"@SavoryPartners","twitter_misc":{"Est. reading time":"2 minutes"},"schema":{"@context":"https:\/\/schema.org","@graph":[{"@type":"WebPage","@id":"https:\/\/old.savoryandparnters.com\/programs\/citizenship-by-investment\/malta\/visa-free-countries\/","url":"https:\/\/old.savoryandparnters.com\/programs\/citizenship-by-investment\/malta\/visa-free-countries\/","name":"Malta Citizenship Visa Free Countries | Savory & Partners","isPartOf":{"@id":"https:\/\/old.savoryandparnters.com\/#website"},"primaryImageOfPage":{"@id":"https:\/\/old.savoryandparnters.com\/programs\/citizenship-by-investment\/malta\/visa-free-countries\/#primaryimage"},"image":{"@id":"https:\/\/old.savoryandparnters.com\/programs\/citizenship-by-investment\/malta\/visa-free-countries\/#primaryimage"},"thumbnailUrl":"https:\/\/old.savoryandparnters.com\/wp-content\/uploads\/2018\/12\/Malta.jpg","datePublished":"2018-06-28T03:23:58+00:00","dateModified":"2021-03-31T07:54:41+00:00","description":"Savory & Partners details the step-by-step procedure and all the requirements that are need to be met when applying to the Malta Citizenship by Investment Program. If you would like to learn more about the application process to obtain Maltese citizenship, contact us for a free consultation.","breadcrumb":{"@id":"https:\/\/old.savoryandparnters.com\/programs\/citizenship-by-investment\/malta\/visa-free-countries\/#breadcrumb"},"inLanguage":"en-US","potentialAction":[{"@type":"ReadAction","target":["https:\/\/old.savoryandparnters.com\/programs\/citizenship-by-investment\/malta\/visa-free-countries\/"]}]},{"@type":"ImageObject","inLanguage":"en-US","@id":"https:\/\/old.savoryandparnters.com\/programs\/citizenship-by-investment\/malta\/visa-free-countries\/#primaryimage","url":"https:\/\/old.savoryandparnters.com\/wp-content\/uploads\/2018\/12\/Malta.jpg","contentUrl":"https:\/\/old.savoryandparnters.com\/wp-content\/uploads\/2018\/12\/Malta.jpg","width":1200,"height":630,"caption":"Malta Citizenship by Investment - Savory and Partners"},{"@type":"BreadcrumbList","@id":"https:\/\/old.savoryandparnters.com\/programs\/citizenship-by-investment\/malta\/visa-free-countries\/#breadcrumb","itemListElement":[{"@type":"ListItem","position":1,"name":"Home","item":"https:\/\/old.savoryandparnters.com\/"},{"@type":"ListItem","position":2,"name":"Programs","item":"https:\/\/old.savoryandparnters.com\/programs\/"},{"@type":"ListItem","position":3,"name":"Citizenship by Investment","item":"https:\/\/old.savoryandparnters.com\/programs\/citizenship-by-investment\/"},{"@type":"ListItem","position":4,"name":"Malta","item":"https:\/\/old.savoryandparnters.com\/programs\/citizenship-by-investment\/malta\/"},{"@type":"ListItem","position":5,"name":"Visa-Free Countries &#8211; Malta"}]},{"@type":"WebSite","@id":"https:\/\/old.savoryandparnters.com\/#website","url":"https:\/\/old.savoryandparnters.com\/","name":"Second Citizenship by Investment, Second Passport Programs - Savory &amp; Partners","description":"Citizenship &amp; Residency by Investment","publisher":{"@id":"https:\/\/old.savoryandparnters.com\/#organization"},"potentialAction":[{"@type":"SearchAction","target":{"@type":"EntryPoint","urlTemplate":"https:\/\/old.savoryandparnters.com\/?s={search_term_string}"},"query-input":"required name=search_term_string"}],"inLanguage":"en-US"},{"@type":"Organization","@id":"https:\/\/old.savoryandparnters.com\/#organization","name":"Second Citizenship by Investment, Second Passport Programs - Savory & Partners","url":"https:\/\/old.savoryandparnters.com\/","logo":{"@type":"ImageObject","inLanguage":"en-US","@id":"https:\/\/old.savoryandparnters.com\/#\/schema\/logo\/image\/","url":"https:\/\/old.savoryandparnters.com\/wp-content\/uploads\/2018\/06\/Logo_Original-Editable.png","contentUrl":"https:\/\/old.savoryandparnters.com\/wp-content\/uploads\/2018\/06\/Logo_Original-Editable.png","width":1203,"height":1200,"caption":"Second Citizenship by Investment, Second Passport Programs - Savory & Partners"},"image":{"@id":"https:\/\/old.savoryandparnters.com\/#\/schema\/logo\/image\/"},"sameAs":["https:\/\/www.facebook.com\/SavoryAndPartners\/","https:\/\/x.com\/SavoryPartners","https:\/\/www.instagram.com\/savoryandpartners\/","https:\/\/www.linkedin.com\/company\/savory-and-partners-l-l-c\/","https:\/\/www.youtube.com\/savoryandpartnersuae"]}]}},"_links":{"self":[{"href":"https:\/\/old.savoryandparnters.com\/wp-json\/wp\/v2\/pages\/1915"}],"collection":[{"href":"https:\/\/old.savoryandparnters.com\/wp-json\/wp\/v2\/pages"}],"about":[{"href":"https:\/\/old.savoryandparnters.com\/wp-json\/wp\/v2\/types\/page"}],"author":[{"embeddable":true,"href":"https:\/\/old.savoryandparnters.com\/wp-json\/wp\/v2\/users\/22"}],"replies":[{"embeddable":true,"href":"https:\/\/old.savoryandparnters.com\/wp-json\/wp\/v2\/comments?post=1915"}],"version-history":[{"count":0,"href":"https:\/\/old.savoryandparnters.com\/wp-json\/wp\/v2\/pages\/1915\/revisions"}],"up":[{"embeddable":true,"href":"https:\/\/old.savoryandparnters.com\/wp-json\/wp\/v2\/pages\/49"}],"wp:featuredmedia":[{"embeddable":true,"href":"https:\/\/old.savoryandparnters.com\/wp-json\/wp\/v2\/media\/10314"}],"wp:attachment":[{"href":"https:\/\/old.savoryandparnters.com\/wp-json\/wp\/v2\/media?parent=1915"}],"curies":[{"name":"wp","href":"https:\/\/api.w.org\/{rel}","templated":true}]}}